{"id":5476,"date":"2014-04-10T20:58:42","date_gmt":"2014-04-10T20:58:42","guid":{"rendered":"http:\/\/mnkythemes.com\/aperture\/?page_id=5476"},"modified":"2018-11-26T22:17:09","modified_gmt":"2018-11-26T20:17:09","slug":"service-boxes","status":"publish","type":"page","link":"https:\/\/allskin.ch\/?page_id=5476","title":{"rendered":"Angebot"},"content":{"rendered":"<p>[vc_row top=&#8220;30px&#8220; row_mobile_style=&#8220;ipad_full_width&#8220; row_show_on=&#8220;hide_tablet_portrait,hide_mobile_landscape,hide_mobile_portrait&#8220;][vc_column css=&#8220;.vc_custom_1450080989517{padding-top: 20px !important;padding-right: 130px !important;}&#8220;][vc_column_text]Die Dermatologische Sprechstunde ist auf das gesamte Altersspektrum ausgelegt, von der S\u00e4uglingszeit bis zum hohen Erwachsenenalter.<\/p>\n<p>Unser Anliegen ist es, Sie kompetent beraten zu k\u00f6nnen und die jeweils individuell f\u00fcr Sie geeignetste Behandlungsform zu finden- all dies unter Ber\u00fccksichtigung der aktuellsten medizinisch-wissenschaftlichen Gesichtspunkte.<\/p>\n<p>Eine stetige Fort-und Weiterbildung wird als Selbstverst\u00e4ndlichkeit vorausgesetzt um Ihnen mit seri\u00f6sem und neuestem Fachwissen helfen zu k\u00f6nnen.[\/vc_column_text][\/vc_column][\/vc_row][vc_row top=&#8220;30px&#8220; row_mobile_style=&#8220;ipad_full_width&#8220; row_show_on=&#8220;hide_on_normal_screen,hide_tablet_landscape&#8220;][vc_column css=&#8220;.vc_custom_1450080997374{padding-top: 20px !important;padding-right: 0px !important;}&#8220;][vc_column_text]Die Dermatologische Sprechstunde ist auf das gesamte Altersspektrum ausgelegt, von der S\u00e4uglingszeit bis zum hohen Erwachsenenalter.<\/p>\n<p>Unser Anliegen ist es, Sie kompetent beraten zu k\u00f6nnen und die jeweils individuell f\u00fcr Sie geeignetste Behandlungsform zu finden- all dies unter Ber\u00fccksichtigung der aktuellsten medizinisch-wissenschaftlichen Gesichtspunkte.<\/p>\n<p>Eine stetige Fort-und Weiterbildung wird als Selbstverst\u00e4ndlichkeit vorausgesetzt um Ihnen mit seri\u00f6sem und neuestem Fachwissen helfen zu k\u00f6nnen.[\/vc_column_text][\/vc_column][\/vc_row][vc_row top=&#8220;0px&#8220; bottom=&#8220;0px&#8220;][vc_column][vc_tabs][vc_tab title=&#8220;Klassische Dermatologie&#8220; tab_id=&#8220;1424765144-1-28&#8243;][vc_column_text]Es werden Abkl\u00e4rungen und Behandlungen s\u00e4mtlicher Ver\u00e4nderungen an Haut, Haaren, N\u00e4geln und Schleimh\u00e4uten angeboten.<\/p>\n<p>H\u00e4ufig vorkommende Krankheitsbilder sind:<\/p>\n<ul>\n<li>Akne<\/li>\n<li>Entz\u00fcndliche Hautkrankheiten (Ekzeme \/ Schuppenflechte = Psoriasis)<\/li>\n<li>Hauttumoren<\/li>\n<li>Haarerkrankungen \/\u00a0Nagelerkrankungen<\/li>\n<li>Muttermale und Vorsorgekontrollen<\/li>\n<li>Pigmentflecken<\/li>\n<li>\u00dcberm\u00e4ssiges Schwitzen (Hyperhidrosis)<\/li>\n<\/ul>\n<p>[\/vc_column_text][\/vc_tab][vc_tab title=&#8220;Allergologie&#8220; tab_id=&#8220;1424765144-2-68&#8243;][vc_column_text]Es gibt eine Vielzahl allergologischer Symptome, beispielsweise Klassiker wie Niess-Schnupfen bzw. tr\u00e4nende Augen (\u201eHeuschnupfen\u201c). Daneben gibt es aber auch kleinere, unscheinbare Hinweise auf Allergien, die untersucht werden k\u00f6nnen.<\/p>\n<p><strong>Angeboten werden Abkl\u00e4rungen von:<\/strong><\/p>\n<ul>\n<li>\u201eHeuschnupfensymptomen\u201c<\/li>\n<li>Kontaktallergien<\/li>\n<li>Nahrungsmittelallergien<\/li>\n<li>vereinzelt Medikamentenallergien<\/li>\n<\/ul>\n<p>&nbsp;<\/p>\n<p>Hierbei kommen verschiedene Hauttests und Blutabkl\u00e4rungen zur Anwendung.<\/p>\n<p>Sollten symptomorientierte, medikament\u00f6se\u00a0Therapien nicht gen\u00fcgend helfen, kann\u00a0eine Immuntherapie eingeleitet werden.<\/p>\n<p>Ein weiteres, sehr h\u00e4ufiges Krankheitsbild stellt das Nesselfieber (Urtikaria) dar. Auch wenn nicht immer ein allergologischer Hintergrund festgestellt werden kann, ist die Krankheit dennoch therapierbar.[\/vc_column_text][\/vc_tab][vc_tab title=&#8220;\u00c4sthetische Medizin&#8220; tab_id=&#8220;1424765301971-2-0&#8243;][vc_column_text]Generell k\u00f6nnen st\u00f6rende Flecken (braun, rot), Falten, Hautunreinheiten, Narben sowie st\u00f6rende\u00a0Muttermale und kleine Kn\u00f6tchen behandelt werden.<\/p>\n<p>Zur Anwendung kommen\u00a0kosmetische Therapien wie:<\/p>\n<ul>\n<li>Botulinumtoxin (Botulinumtoxin; Falten wie\u00a0beispielsweise die Zornesfalte k\u00f6nnen so effektiv\u00a0gegl\u00e4ttet werden)<\/li>\n<li>Filler-Injektionen (Hyalurons\u00e4ure; das Volumen von erschlafften Hautzonen kann auf diese Weise wieder hergestellt werden)<\/li>\n<li>Peelings (zur Tiefenreinigung der Haut sowie gegen Pigmentflecken)<\/li>\n<\/ul>\n<p>[\/vc_column_text][\/vc_tab][vc_tab title=&#8220;Laserbehandlungen&#8220; tab_id=&#8220;1424765318005-3-3&#8243;][vc_column_text]Mit Hilfe von zwei\u00a0der modernsten, zur Zeit erh\u00e4ltlichen Laserger\u00e4ten k\u00f6nnen wir Ihnen die folgenden, h\u00e4ufig erw\u00fcnschten Therapien anbieten (wobei\u00a0die Anwendungsgebiete f\u00fcr Lasertherapien stetig ausgebaut werden):<\/p>\n<ul>\n<li>Haare, dauerhafte Entfernung<\/li>\n<li>Gef\u00e4sse (wie beispielsweise Besenreiser, Blutschw\u00e4mmchen, Feuermal, R\u00f6tungen im Gesicht und sogenannte Couperose bei der Rosazea)<\/li>\n<li>Pigmente wie beispielsweise Alters- und Sonnenflecken, Melasmen<\/li>\n<li>Warzenartige Ver\u00e4nderungen, Hautkn\u00f6tchen<\/li>\n<li>Narben, Schwangerschafts- und Dehnungsstreifen<\/li>\n<li>Hautstraffung, Hautverj\u00fcngung (\u201eSkinrejuvenation\u201d)<\/li>\n<\/ul>\n<p>&nbsp;<\/p>\n<p><strong>Verwendete Laserger\u00e4te:<\/strong><\/p>\n<p class=\"wp-image-7868 size-full\"><a href=\"http:\/\/allskin.ch\/wp-content\/uploads\/2014\/04\/machine_01.png\">Clarity (Orcos)\u00a0\u00a0\u00a0<\/a>\u00a0\u00a0\u00a0\u00a0\u00a0\u00a0\u00a0\u00a0\u00a0\u00a0\u00a0\u00a0\u00a0\u00a0\u00a0\u00a0\u00a0\u00a0\u00a0\u00a0\u00a0\u00a0\u00a0\u00a0 \u00a0 \u00a0 \u00a0\u00a0\u00a0\u00a0\u00a0\u00a0\u00a0\u00a0\u00a0\u00a0\u00a0\u00a0\u00a0\u00a0\u00a0\u00a0\u00a0\u00a0\u00a0 \u00a0 \u00a0 <a href=\"http:\/\/allskin.ch\/wp-content\/uploads\/2014\/04\/machine_02.png\">eCO2 (Orcos)<\/a><\/p>\n<p><a href=\"http:\/\/allskin.ch\/wp-content\/uploads\/2014\/04\/machine_01.png\"><img loading=\"lazy\" decoding=\"async\" class=\"alignnone wp-image-7879\" src=\"http:\/\/allskin.ch\/wp-content\/uploads\/2014\/04\/machine_01.png\" alt=\"machine_01\" width=\"231\" height=\"126\" srcset=\"https:\/\/allskin.ch\/wp-content\/uploads\/2014\/04\/machine_01.png 566w, https:\/\/allskin.ch\/wp-content\/uploads\/2014\/04\/machine_01-300x164.png 300w\" sizes=\"auto, (max-width: 231px) 100vw, 231px\" \/><\/a>\u00a0\u00a0\u00a0\u00a0\u00a0 \u00a0 \u00a0 \u00a0 <a href=\"http:\/\/allskin.ch\/wp-content\/uploads\/2014\/04\/machine_02.png\"><img loading=\"lazy\" decoding=\"async\" class=\"alignnone wp-image-7881\" src=\"http:\/\/allskin.ch\/wp-content\/uploads\/2014\/04\/machine_02.png\" alt=\"machine_02\" width=\"231\" height=\"126\" srcset=\"https:\/\/allskin.ch\/wp-content\/uploads\/2014\/04\/machine_02.png 566w, https:\/\/allskin.ch\/wp-content\/uploads\/2014\/04\/machine_02-300x164.png 300w\" sizes=\"auto, (max-width: 231px) 100vw, 231px\" \/><\/a>[\/vc_column_text][\/vc_tab][vc_tab title=&#8220;Chirurgische Eingriffe&#8220; tab_id=&#8220;1424765334198-4-8&#8243;][vc_column_text]In einem zertifizierten Operationssaal in der Praxis werden verschiedenste Eingriffe vorgenommen. Je nach Fragestellung und nach vorg\u00e4ngiger, genauer Erl\u00e4uterung des Eingriffes und allf\u00e4lliger Risiken in einem pers\u00f6nlichen Gespr\u00e4ch, werden Hautbiopsien, Exzisionen mit direktem (sogenanntem Prim\u00e4rverschluss) oder auch Verschluss mittels einer sogenannten Lappenplastik oder erweiterten Hautdeckung vorgenommen.<\/p>\n<p>Dabei sollen Sie sich, der Situation angepasst, rundum betreut bei uns f\u00fchlen, um allf\u00e4llige Nervosit\u00e4ten abbauen zu k\u00f6nnen.[\/vc_column_text][\/vc_tab][vc_tab title=&#8220;Kosmetik&#8220; tab_id=&#8220;1427821678737-5-9&#8243;][vc_column_text]Kosmetische Behandlungen werden nach dermatologischen Gesichtspunkten und gem\u00e4ss Ihren individuellen W\u00fcnschen durchgef\u00fchrt.<\/p>\n<p>Vereinbaren Sie direkt in der Praxis einen Termin f\u00fcr:<\/p>\n<p>Akne- und Gesichtsbehandlungen, Peelings, Make-up, Hautpflege und Beratung, Augenbrauen-und Wimpern Behandlungen, Manic\u00fcre und Pedic\u00fcre sowie (dauerhafte) Haarentfernungen.[\/vc_column_text][\/vc_tab][\/vc_tabs][\/vc_column][\/vc_row][vc_row][vc_column][vc_separator style=&#8220;simple&#8220;][\/vc_column][\/vc_row][vc_row top=&#8220;0px&#8220; bottom=&#8220;0px&#8220; row_show_on=&#8220;hide_tablet_portrait,hide_mobile_landscape,hide_mobile_portrait&#8220;][vc_column][vc_spacer size=&#8220;20px&#8220;][vc_column_text css=&#8220;.vc_custom_1424934826945{padding-bottom: 50px !important;}&#8220;]<\/p>\n<h2 style=\"text-align: center;\"><span style=\"color: #14b8c0;\">Behandlungsmethoden<br \/>\n<\/span><\/h2>\n<p>[\/vc_column_text][\/vc_column][\/vc_row][vc_row top=&#8220;20px&#8220; bottom=&#8220;0px&#8220; row_show_on=&#8220;hide_on_normal_screen,hide_tablet_landscape&#8220;][vc_column][vc_spacer size=&#8220;50px&#8220;][vc_column_text css=&#8220;.vc_custom_1424934826945{padding-bottom: 50px !important;}&#8220;]<\/p>\n<h2 style=\"text-align: center;\"><span style=\"color: #14b8c0;\">Behandlungsmethoden<br \/>\n<\/span><\/h2>\n<p>[\/vc_column_text][\/vc_column][\/vc_row][vc_row top=&#8220;0px&#8220; row_show_on=&#8220;hide_tablet_portrait,hide_mobile_landscape,hide_mobile_portrait&#8220;][vc_column width=&#8220;1\/2&#8243; css=&#8220;.vc_custom_1398804381542{padding-right: 40px !important;}&#8220;][vc_row_inner][vc_column_inner width=&#8220;1\/2&#8243;][vc_column_text]<strong>Dermatoskopie\u00a0<\/strong><strong>\/ Hautkrebsvorsorge<\/strong><\/p>\n<p>Die Vorsorgeuntersuchungen bilden einen wichtigen Bestandteil unseres Angebots. Mit tiefgr\u00fcndiger Erfahrung und mithilfe dermatoskopischer (auflichtmikroskopischer) Untersuchung ist es uns ein Anliegen, weisse und schwarze Hautkrebse, sowie deren Vorstufen fr\u00fchzeitig zu erkennen und Sie in einem ausf\u00fchrlichen Gespr\u00e4ch in der Selbstbeobachtung zu instruieren. In einem individuellen Behandlungskonzept werden dann die weiteren Schritte (Therapie oder Beobachtung in einem festgelegten Intervall) genau mit Ihnen besprochen.[\/vc_column_text][\/vc_column_inner][vc_column_inner width=&#8220;1\/2&#8243;][vc_single_image image=&#8220;7815&#8243; alignment=&#8220;center&#8220; style=&#8220;vc_box_circle&#8220; css_animation=&#8220;appear&#8220;][\/vc_column_inner][\/vc_row_inner][vc_spacer size=&#8220;130px&#8220;][vc_row_inner][vc_column_inner width=&#8220;1\/2&#8243;][vc_column_text]<strong>Photodynamische Therapie (PDT):<\/strong><\/p>\n<p>Hiermit k\u00f6nnen Hautkrebsvorstufen (aktinische Keratosen), oberfl\u00e4chliche Basaliome und andere Hautver\u00e4nderungen therapiert werden. Bei gro\u00dffl\u00e4chiger Anwendung kommt es auch zu einem hautverj\u00fcngenden Effekt.<\/p>\n<p>Die erkrankten Hautareale werden in Kombination mit einer vorg\u00e4ngig aufgetragenen Creme (wirkend als Lichtsensibilisator) gezielt und effektiv je nach Zielvorgabe entweder an einzelnen Stellen oder grossfl\u00e4chig therapiert.[\/vc_column_text][\/vc_column_inner][vc_column_inner width=&#8220;1\/2&#8243;][vc_single_image image=&#8220;7817&#8243; alignment=&#8220;center&#8220; style=&#8220;vc_box_circle&#8220; css_animation=&#8220;appear&#8220;][\/vc_column_inner][\/vc_row_inner][vc_spacer size=&#8220;130px&#8220;][vc_spacer size=&#8220;140px&#8220;][\/vc_column][vc_column width=&#8220;1\/2&#8243; css=&#8220;.vc_custom_1398804362595{border-left-width: 1px !important;padding-left: 40px !important;border-color: #cccccc !important;border-style: solid !important;}&#8220;][vc_spacer size=&#8220;150px&#8220;][vc_row_inner][vc_column_inner width=&#8220;1\/2&#8243;][vc_single_image image=&#8220;7816&#8243; alignment=&#8220;center&#8220; style=&#8220;vc_box_circle&#8220; css_animation=&#8220;appear&#8220;][\/vc_column_inner][vc_column_inner width=&#8220;1\/2&#8243;][vc_column_text]<strong>Lichttherapie<\/strong>:<\/p>\n<p>Hierzu geh\u00f6ren Therapieverfahren, bei denen mit\u00a0 UV-Strahlung eine Wirkung an der Haut erzielt wird. H\u00e4ufige Indikationen der Lichttherapie sind die Behandlung von entz\u00fcndlichen Hautkrankheiten wie Ekzeme (Neurodermitis), Schuppenflechte (Psoriasis), Weissfleckenkrankheit (Vitiligo) und Juckreiz.<\/p>\n<p>Zur Verf\u00fcgung stehen ein Ganzk\u00f6rperger\u00e4t (Lichtkabine), welches im Schmalband-UVB-Bereich und im langwelligeren UVA-Bereich Licht generieren kann, sowie ein Hand-Fuss-Ger\u00e4t der neuesten Generation (beides Ger\u00e4te der Firma Waldmann) f\u00fcr eine selektive Licht-Behandlung von kleineren Arealen.<\/p>\n<p>Es besteht somit die M\u00f6glichkeit einer breiten Anwendung mit UVB-, UVA- und PUVA- (Psoralen als zus\u00e4tzlicher Lichtsensibilisator) Therapie.[\/vc_column_text][\/vc_column_inner][\/vc_row_inner][vc_spacer size=&#8220;130px&#8220;][vc_row_inner][vc_column_inner width=&#8220;1\/2&#8243;][vc_single_image image=&#8220;7818&#8243; alignment=&#8220;center&#8220; style=&#8220;vc_box_circle&#8220; css_animation=&#8220;appear&#8220;][\/vc_column_inner][vc_column_inner width=&#8220;1\/2&#8243;][vc_column_text]<strong>Kryotherapie<\/strong><strong>:<\/strong><\/p>\n<p>Mit dem gezielten Einsatz von K\u00e4lte k\u00f6nnen sowohl Tumore als auch Warzen und krust\u00f6se Areale, \u00fcberschie\u00dfendes Narbengewebe (Keloid), vereinzelt Pigmentflecken und verschiedene andere Gewebserkrankungen therapiert werden.[\/vc_column_text][\/vc_column_inner][\/vc_row_inner][vc_spacer size=&#8220;140px&#8220;][\/vc_column][\/vc_row][vc_row textalign=&#8220;center&#8220; top=&#8220;20px&#8220; bottom=&#8220;80px&#8220; row_show_on=&#8220;hide_on_normal_screen,hide_tablet_landscape&#8220;][vc_column][vc_single_image image=&#8220;7815&#8243; style=&#8220;vc_box_circle&#8220;][vc_spacer size=&#8220;10px&#8220;][vc_column_text]<\/p>\n<h5><strong>Dermatoskopie\u00a0<\/strong><strong>\/ Hautkrebsvorsorge:<\/strong><\/h5>\n<p>Die Vorsorgeuntersuchungen bilden einen wichtigen Bestandteil unseres Angebots. Mit tiefgr\u00fcndiger Erfahrung und mithilfe dermatoskopischer (auflichtmikroskopischer) Untersuchung ist es uns ein Anliegen, weisse und schwarze Hautkrebse, sowie deren Vorstufen fr\u00fchzeitig zu erkennen und Sie in einem ausf\u00fchrlichen Gespr\u00e4ch in der Selbstbeobachtung zu instruieren. In einem individuellen Behandlungskonzept werden dann die weiteren Schritte (Therapie oder Beobachtung in einem festgelegten Intervall) genau mit Ihnen besprochen.[\/vc_column_text][vc_spacer size=&#8220;70px&#8220;][vc_single_image image=&#8220;7816&#8243; style=&#8220;vc_box_circle&#8220;][vc_spacer size=&#8220;10px&#8220;][vc_column_text]<\/p>\n<h5><strong>Lichttherapie<\/strong>:<\/h5>\n<p>Hierzu geh\u00f6ren Therapieverfahren, bei denen mit\u00a0 UV-Strahlung eine Wirkung an der Haut erzielt wird. H\u00e4ufige Indikationen der Lichttherapie sind die Behandlung von entz\u00fcndlichen Hautkrankheiten wie Ekzeme (Neurodermitis), Schuppenflechte (Psoriasis), Weissfleckenkrankheit (Vitiligo) und Juckreiz.<\/p>\n<p>Zur Verf\u00fcgung stehen ein Ganzk\u00f6rperger\u00e4t (Lichtkabine), welches im Schmalband-UVB-Bereich und im langwelligeren UVA-Bereich Licht generieren kann, sowie ein Hand-Fuss-Ger\u00e4t der neuesten Generation (beides Ger\u00e4te der Firma Waldmann) f\u00fcr eine selektive Licht-Behandlung von kleineren Arealen.<\/p>\n<p>Es besteht somit die M\u00f6glichkeit einer breiten Anwendung mit UVB-, UVA- und PUVA- (Psoralen als zus\u00e4tzlicher Lichtsensibilisator) Therapie.[\/vc_column_text][vc_spacer size=&#8220;60px&#8220;][vc_single_image image=&#8220;7817&#8243; style=&#8220;vc_box_circle&#8220;][vc_spacer size=&#8220;10px&#8220;][vc_column_text]<\/p>\n<h5><strong>Photodynamische Therapie (PDT):<\/strong><\/h5>\n<p>Hiermit k\u00f6nnen Hautkrebsvorstufen (aktinische Keratosen), oberfl\u00e4chliche Basaliome und andere Hautver\u00e4nderungen therapiert werden. Bei gro\u00dffl\u00e4chiger Anwendung kommt es auch zu einem hautverj\u00fcngenden Effekt.<\/p>\n<p>Die erkrankten Hautareale werden in Kombination mit einer vorg\u00e4ngig aufgetragenen Creme (wirkend als Lichtsensibilisator) gezielt und effektiv je nach Zielvorgabe entweder an einzelnen Stellen oder grossfl\u00e4chig therapiert.[\/vc_column_text][vc_spacer size=&#8220;60px&#8220;][vc_single_image image=&#8220;7819&#8243; style=&#8220;vc_box_circle&#8220;][vc_spacer size=&#8220;10px&#8220;][vc_column_text]<\/p>\n<h5><strong>Kryotherapie<\/strong><strong>:<\/strong><\/h5>\n<p>Mit dem gezielten Einsatz von K\u00e4lte k\u00f6nnen sowohl Tumore als auch Warzen und krust\u00f6se Areale, \u00fcberschie\u00dfendes Narbengewebe (Keloid), vereinzelt Pigmentflecken und verschiedene andere Gewebserkrankungen therapiert werden.[\/vc_column_text][vc_spacer size=&#8220;60px&#8220;][\/vc_column][\/vc_row]<\/p>\n","protected":false},"excerpt":{"rendered":"<p>[vc_row top=&#8220;30px&#8220; row_mobile_style=&#8220;ipad_full_width&#8220; row_show_on=&#8220;hide_tablet_portrait,hide_mobile_landscape,hide_mobile_portrait&#8220;][vc_column css=&#8220;.vc_custom_1450080989517{padding-top: 20px !important;padding-right: 130px !important;}&#8220;][vc_column_text]Die Dermatologische Sprechstunde ist auf das gesamte Altersspektrum ausgelegt, von der S\u00e4uglingszeit bis zum hohen Erwachsenenalter. Unser Anliegen ist es, Sie kompetent beraten zu k\u00f6nnen und die jeweils individuell f\u00fcr Sie geeignetste Behandlungsform zu finden- all dies unter Ber\u00fccksichtigung der aktuellsten medizinisch-wissenschaftlichen Gesichtspunkte. Eine stetige Fort-und Weiterbildung [&hellip;]<\/p>\n","protected":false},"author":1,"featured_media":7785,"parent":0,"menu_order":0,"comment_status":"open","ping_status":"open","template":"page-full-width.php","meta":{"footnotes":""},"class_list":["post-5476","page","type-page","status-publish","has-post-thumbnail","hentry"],"_links":{"self":[{"href":"https:\/\/allskin.ch\/index.php?rest_route=\/wp\/v2\/pages\/5476","targetHints":{"allow":["GET"]}}],"collection":[{"href":"https:\/\/allskin.ch\/index.php?rest_route=\/wp\/v2\/pages"}],"about":[{"href":"https:\/\/allskin.ch\/index.php?rest_route=\/wp\/v2\/types\/page"}],"author":[{"embeddable":true,"href":"https:\/\/allskin.ch\/index.php?rest_route=\/wp\/v2\/users\/1"}],"replies":[{"embeddable":true,"href":"https:\/\/allskin.ch\/index.php?rest_route=%2Fwp%2Fv2%2Fcomments&post=5476"}],"version-history":[{"count":65,"href":"https:\/\/allskin.ch\/index.php?rest_route=\/wp\/v2\/pages\/5476\/revisions"}],"predecessor-version":[{"id":8188,"href":"https:\/\/allskin.ch\/index.php?rest_route=\/wp\/v2\/pages\/5476\/revisions\/8188"}],"wp:featuredmedia":[{"embeddable":true,"href":"https:\/\/allskin.ch\/index.php?rest_route=\/wp\/v2\/media\/7785"}],"wp:attachment":[{"href":"https:\/\/allskin.ch\/index.php?rest_route=%2Fwp%2Fv2%2Fmedia&parent=5476"}],"curies":[{"name":"wp","href":"https:\/\/api.w.org\/{rel}","templated":true}]}}