{"id":5984,"date":"2014-04-28T23:07:00","date_gmt":"2014-04-28T23:07:00","guid":{"rendered":"http:\/\/mnkythemes.com\/aperture\/?page_id=5984"},"modified":"2018-04-24T15:01:57","modified_gmt":"2018-04-24T13:01:57","slug":"about-us","status":"publish","type":"page","link":"https:\/\/allskin.ch\/?page_id=5984","title":{"rendered":"Praxis"},"content":{"rendered":"<p>[vc_row full_content_width=&#8220;row-inner-full&#8220; top=&#8220;0px&#8220; bottom=&#8220;0px&#8220;][vc_column][vc_column_text]<\/p>\n<p><img loading=\"lazy\" decoding=\"async\" class=\"alignnone size-full wp-image-8074\" src=\"http:\/\/allskin.ch\/wp-content\/uploads\/2014\/04\/1400_praxis.jpg\" alt=\"1400_praxis\" width=\"1400\" height=\"589\" srcset=\"https:\/\/allskin.ch\/wp-content\/uploads\/2014\/04\/1400_praxis.jpg 1400w, https:\/\/allskin.ch\/wp-content\/uploads\/2014\/04\/1400_praxis-300x126.jpg 300w, https:\/\/allskin.ch\/wp-content\/uploads\/2014\/04\/1400_praxis-768x323.jpg 768w, https:\/\/allskin.ch\/wp-content\/uploads\/2014\/04\/1400_praxis-1024x431.jpg 1024w\" sizes=\"auto, (max-width: 1400px) 100vw, 1400px\" \/><\/p>\n<p>[\/vc_column_text][\/vc_column][\/vc_row][vc_row top=&#8220;50px&#8220;][vc_column width=&#8220;1\/2&#8243; css=&#8220;.vc_custom_1398804381542{padding-right: 40px !important;}&#8220;][vc_column_text]<\/p>\n<h2><span style=\"color: #14b8c0;\">Unser Ziel<\/span><\/h2>\n<p>Ihre dermatologische Angelegenheit soll bei uns in besten H\u00e4nden sein; wir sind bestrebt, in Absprache mit Ihnen die f\u00fcr Sie optimale Behandlung anzubieten, Ihre Erwartungen zu erf\u00fcllen und W\u00fcnsche bestm\u00f6glich zu ber\u00fccksichtigen. Sie sollen von unserem fundierten, durch stete medizinische Fortbildungen erweiterten Fachwissen sowie unseren modernsten medizinischen Ger\u00e4ten profitieren k\u00f6nnen.<\/p>\n<p>Es ist unser Anliegen, Sie als Patienten als Ganzes wahrzunehmen und nicht nur auf das eingegrenzte Problemareal zu reduzieren. Die Schaffung einer vertrauensvollen Beziehung zu Ihnen sowie ein respektvoller und kollegialer Kontakt mit den zuweisenden Personen liegen uns am Herzen.<\/p>\n<p>Wir m\u00f6chten Ihnen eine ungezwungene und pers\u00f6nliche Umgebung bieten und Ihnen den Aufenthalt in der allskin Dermatologie so angenehm wie m\u00f6glich gestalten.<\/p>\n<p>[\/vc_column_text][\/vc_column][vc_column width=&#8220;1\/2&#8243; css=&#8220;.vc_custom_1398804362595{border-left-width: 1px !important;padding-left: 40px !important;border-color: #cccccc !important;border-style: solid !important;}&#8220;][vc_column_text]<\/p>\n<h2><span style=\"color: #14b8c0;\">Standort<br \/>\n<\/span><\/h2>\n<p>Die Dermatologische Praxis befindet sich an zentralster Lage in unmittelbarer N\u00e4he vom Bahnhof in Thalwil und ist sowohl mit den \u00f6ffentlichen Verkehrsmitteln als auch mit dem Auto bequem zu erreichen.<\/p>\n<p>Es stehen zahlreiche Parkpl\u00e4tze in der Tiefgarage zur Verf\u00fcgung, mit dem Lift gelangen Sie direkt zu uns in den 2. Stock an der Gotthardstrasse 13.[\/vc_column_text][\/vc_column][\/vc_row][vc_row top=&#8220;0px&#8220; bottom=&#8220;0px&#8220;][vc_column][vc_spacer size=&#8220;55px&#8220;][\/vc_column][\/vc_row]<\/p>\n","protected":false},"excerpt":{"rendered":"<p>[vc_row full_content_width=&#8220;row-inner-full&#8220; top=&#8220;0px&#8220; bottom=&#8220;0px&#8220;][vc_column][vc_column_text] [\/vc_column_text][\/vc_column][\/vc_row][vc_row top=&#8220;50px&#8220;][vc_column width=&#8220;1\/2&#8243; css=&#8220;.vc_custom_1398804381542{padding-right: 40px !important;}&#8220;][vc_column_text] Unser Ziel Ihre dermatologische Angelegenheit soll bei uns in besten H\u00e4nden sein; wir sind bestrebt, in Absprache mit Ihnen die f\u00fcr Sie optimale Behandlung anzubieten, Ihre Erwartungen zu erf\u00fcllen und W\u00fcnsche bestm\u00f6glich zu ber\u00fccksichtigen. Sie sollen von unserem fundierten, durch stete medizinische Fortbildungen erweiterten Fachwissen [&hellip;]<\/p>\n","protected":false},"author":1,"featured_media":0,"parent":0,"menu_order":0,"comment_status":"open","ping_status":"open","template":"page-full-width.php","meta":{"footnotes":""},"class_list":["post-5984","page","type-page","status-publish","hentry"],"_links":{"self":[{"href":"https:\/\/allskin.ch\/index.php?rest_route=\/wp\/v2\/pages\/5984","targetHints":{"allow":["GET"]}}],"collection":[{"href":"https:\/\/allskin.ch\/index.php?rest_route=\/wp\/v2\/pages"}],"about":[{"href":"https:\/\/allskin.ch\/index.php?rest_route=\/wp\/v2\/types\/page"}],"author":[{"embeddable":true,"href":"https:\/\/allskin.ch\/index.php?rest_route=\/wp\/v2\/users\/1"}],"replies":[{"embeddable":true,"href":"https:\/\/allskin.ch\/index.php?rest_route=%2Fwp%2Fv2%2Fcomments&post=5984"}],"version-history":[{"count":0,"href":"https:\/\/allskin.ch\/index.php?rest_route=\/wp\/v2\/pages\/5984\/revisions"}],"wp:attachment":[{"href":"https:\/\/allskin.ch\/index.php?rest_route=%2Fwp%2Fv2%2Fmedia&parent=5984"}],"curies":[{"name":"wp","href":"https:\/\/api.w.org\/{rel}","templated":true}]}}