{"id":5989,"date":"2014-04-28T23:07:14","date_gmt":"2014-04-28T23:07:14","guid":{"rendered":"http:\/\/mnkythemes.com\/aperture\/?page_id=5989"},"modified":"2026-01-08T16:10:00","modified_gmt":"2026-01-08T14:10:00","slug":"our-team","status":"publish","type":"page","link":"https:\/\/allskin.ch\/?page_id=5989","title":{"rendered":"Team"},"content":{"rendered":"<p>[vc_row bg_cover=&#8220;cover&#8220; bg_repeat=&#8220;no-repeat&#8220; bg_attachment=&#8220;fixed&#8220; textalign=&#8220;center&#8220; top=&#8220;80px&#8220; bottom=&#8220;80px&#8220; row_show_on=&#8220;hide_mobile_landscape,hide_mobile_portrait&#8220; font_color=&#8220;#ffffff&#8220; bg_image=&#8220;7749&#8243;][vc_column][vc_column_text]<\/p>\n<h1 style=\"font-size: 100px; line-height: 90px; font-weight: 600;\"><span style=\"color: #ffffff;\"><span style=\"font-size: 45pt;\">Team<\/span><br \/>\n<\/span><\/h1>\n<p><em><span style=\"font-size: 23px; font-weight: 300;\"><br \/>\n<\/span><\/em>[\/vc_column_text][\/vc_column][\/vc_row][vc_row bg_cover=&#8220;cover&#8220; bg_repeat=&#8220;no-repeat&#8220; bg_attachment=&#8220;fixed&#8220; textalign=&#8220;center&#8220; top=&#8220;80px&#8220; bottom=&#8220;60px&#8220; row_show_on=&#8220;hide_on_normal_screen,hide_tablet_landscape,hide_tablet_portrait,hide_mobile_landscape,hide_mobile_portrait&#8220; font_color=&#8220;#ffffff&#8220; bg_image=&#8220;7749&#8243;][vc_column][vc_column_text]<\/p>\n<h1 style=\"font-size: 100px; line-height: 90px; font-weight: 600;\"><span style=\"color: #ffffff;\"><span style=\"font-size: 45pt;\">Team<\/span><br \/>\n<\/span><\/h1>\n<p><em><span style=\"font-size: 23px; font-weight: 300;\"><br \/>\n<\/span><\/em>[\/vc_column_text][\/vc_column][\/vc_row][vc_row row_mobile_style=&#8220;ipad_full_width&#8220;][vc_column width=&#8220;1\/3&#8243;][vc_single_image image=&#8220;8244&#8243; img_size=&#8220;full&#8220; css_animation=&#8220;left-to-right&#8220;][\/vc_column][vc_column width=&#8220;2\/3&#8243;][vc_column_text]<strong>Facharzt Dermatologie und Venerologie<\/strong><br \/>\n<strong>Lasermedizin FMCH\/SGML<\/strong><br \/>\nF\u00e4higkeitsausweis f\u00fcr Lasertherapie alle Typen (gesamte Haut und Schleimhaut)[\/vc_column_text][vc_heading title=&#8220;&#8220; subtitle=&#8220;Dr. med. Martin Keller&#8220; position=&#8220;left&#8220;][vc_spacer size=&#8220;15px&#8220;][vc_column_text]Auf meinen Studiumabschluss an der Universit\u00e4t Z\u00fcrich im Jahre 2004, folgten nach einer Assistenzarztzeit im Bereiche Innere Medizin und Chirurgie dermatologische Ausbildungsjahre an den Spit\u00e4lern Triemli, Kantonsspital Aarau und Universit\u00e4tsspital Z\u00fcrich, wo ich die Facharztausbildung zum Dermatologen beendet habe.<\/p>\n<p>Nach meiner anschliessenden T\u00e4tigkeit als Oberarzt m.b.F. mit Chefarztstellvertretung in der Dermatologischen Klinik am Kantonsspital Luzern, f\u00fchle ich mich nun bestens ger\u00fcstet und voller Elan, meine Arbeit in der Selbstst\u00e4ndigkeit aufnehmen zu k\u00f6nnen.<\/p>\n<p><strong>Sprachen:<\/strong><\/p>\n<p>Schwiizert\u00fctsch,\u00a0deutsch,\u00a0english,\u00a0italiano,\u00a0fran\u00e7ais,\u00a0espa\u00f1ol[\/vc_column_text][vc_spacer size=&#8220;30px&#8220;][vc_accordion active_tab=&#8220;false&#8220;][vc_accordion_tab title=&#8220;Ausbildung (+)&#8220;][vc_list_item]2012 bis 2015: Oberarzt m.b.F (Chefarzt-Stellvertretung) Zentrum f\u00fcr Dermatologie und Allergologie, Kantonsspital Luzern<\/p>\n<p>[\/vc_list_item][vc_list_item]2012 Facharzt FMH f\u00fcr Dermatologie und Venerologie<\/p>\n<p>[\/vc_list_item][vc_list_item]2010 bis 2012 Assistenzarzt Dermatologie Universit\u00e4tsspital Z\u00fcrich<\/p>\n<p>[\/vc_list_item][vc_list_item]2010 Assistenzarzt Dermatologie Kantonsspital Aarau<\/p>\n<p>[\/vc_list_item][vc_list_item]2009 Assistenzarzt Dermatologisches Ambulatorium Stadtspital Triemli<\/p>\n<p>[\/vc_list_item][vc_list_item]2008 Assistenzarzt Dermatologische Praxis in Feuerthalen<\/p>\n<p>[\/vc_list_item][vc_list_item]2007 bis 2008 Assistenzarzt Chirurgie, Spital Zollikerberg<\/p>\n<p>[\/vc_list_item][vc_list_item]2005 bis 2007 Assistenzarzt Innere Medizin, Kreisspital M\u00e4nnedorf<br \/>\n[\/vc_list_item][vc_list_item]2005 Promovierung zum Doktor der Medizin,<br \/>\n(Publikation der Dissertation (Pediatr Res 2005 Oct;58(4):754-60)<br \/>\n[\/vc_list_item][vc_list_item]2004 Staatsexamen an der Medizinischen Fakult\u00e4t der Universit\u00e4t Z\u00fcrich<\/p>\n<p>[\/vc_list_item][vc_list_item]bis 2004 Medizinstudium an der Medizinischen Fakult\u00e4t der Universit\u00e4t Z\u00fcrich<\/p>\n<p>[\/vc_list_item][vc_list_item]Auslanderfahrung w\u00e4hrend der Studiumzeit:<br \/>\nSolomon Islands (S\u00fcdpazifik), National Referral Hospital 2003<\/p>\n<p>Siena (Italien), Medizinische Fakult\u00e4t an der Universit\u00e4t, Sommersemester 2002, im Rahmen eines Mobilit\u00e4tsprogramms (Erasmus freemover)[\/vc_list_item][vc_list_item]Kantonsschule R\u00e4mib\u00fchl, Z\u00fcrich (Abschluss Matura Typus B)<\/p>\n<p>[\/vc_list_item][\/vc_accordion_tab][vc_accordion_tab title=&#8220;Mitgliedschaften (+)&#8220;][vc_list_item]Schweizerische Gesellschaft f\u00fcr Dermatologie und Venerologie SGDV<\/p>\n<p>[\/vc_list_item][vc_list_item]European Academy of Dermatology and Venerology EADV<\/p>\n<p>[\/vc_list_item][vc_list_item]Laserkommission fmCh<\/p>\n<p>[\/vc_list_item][vc_list_item]Z\u00fcrcher Dematologen Gesellschaft ZDG<\/p>\n<p>[\/vc_list_item][vc_list_item]PsoriNet Kompetenznetz Psoriasis niedergelassener Dermatologen Schweiz<\/p>\n<p>[\/vc_list_item][vc_list_item]Verbindung der Schweizer \u00c4rztinnen und \u00c4rzte FMH<\/p>\n<p>[\/vc_list_item][vc_list_item]Verband Schweizerischer Assistenz- und Ober\u00e4rzte<\/p>\n<p>[\/vc_list_item][\/vc_accordion_tab][\/vc_accordion][vc_spacer size=&#8220;15px&#8220;][vc_icon name=&#8220;fa-envelope-o&#8220; icon_color=&#8220;#c9c9c9&#8243; hover_effect=&#8220;bounce&#8220; link=&#8220;url:mailto%3Ainfo%40allskin.ch||&#8220;][\/vc_column][\/vc_row][vc_row row_mobile_style=&#8220;ipad_full_width&#8220;][vc_column width=&#8220;2\/3&#8243;][vc_column_text]<strong>Facharzt FMH Dermatologie und Venerologie<\/strong><br \/>\n<strong>Facharzt FMH Klinische Immunologie und Allergologie<\/strong><\/p>\n<p>[\/vc_column_text][vc_heading title=&#8220;&#8220; subtitle=&#8220;PD Dr. med. Antonios Kolios&#8220; position=&#8220;left&#8220;][vc_spacer size=&#8220;10px&#8220;][vc_column_text]<strong>Sprachen:<\/strong><\/p>\n<p>Deutsch, english, fran\u00e7ais, griechisch[\/vc_column_text][vc_spacer size=&#8220;10px&#8220;][vc_accordion active_tab=&#8220;false&#8220;][vc_accordion_tab title=&#8220;Ausbildung (+)&#8220;][vc_list_item]Seit November 2024. Facharzt T\u00e4tigkeit in der allskin Dermatologie-Praxis,Thalwil bei Dr. med. Martin Keller[\/vc_list_item][vc_list_item]Seit November 2024 Leitender Arzt, Dermatologie, Spital Uster[\/vc_list_item][vc_list_item]2021 \u2013 10\/2024 Leitender Arzt, Dermatologische Klinik, USZ[\/vc_list_item][vc_list_item]2020 \u2013 2021 Harvard Medical School, Beth Israel Deaconess Medical Center, Department of Medicine, Boston, MA, USA[\/vc_list_item][vc_list_item]2021 Habilitation an der Universit\u00e4t Z\u00fcrich[\/vc_list_item][vc_list_item]2018 Facharztpr\u00fcfung Klinische Immunologie und Allergologie[\/vc_list_item][vc_list_item]2017 \u2013 2021 Oberarzt, Klinik f\u00fcr Immunologie, USZ[\/vc_list_item][vc_list_item]2016 Oberarzt i.V., Klinik f\u00fcr Immunologie, USZ[\/vc_list_item][vc_list_item]2015 Assistenzarzt, Klinik f\u00fcr Immunologie, USZ[\/vc_list_item][vc_list_item]Seit 2016 Principal Investigator (Gruppenleiter), Universit\u00e4t Z\u00fcrich[\/vc_list_item][vc_list_item]2012 \u2013 2015 Research fellow, Laboratory of Applied Immunobiology, University of Zurich[\/vc_list_item][vc_list_item]2016 Facharzt f\u00fcr Dermatology and Venerology (FMH)[\/vc_list_item][vc_list_item]2012 \u2013 2015 Assistenzarzt Dermatologische Klinik, USZ[\/vc_list_item][vc_list_item]2011 Assistenzarzt an der Dermatologische Klinik, St. Josef Hospital, Ruhr Universit\u00e4t Bochum, Deutschland[\/vc_list_item][vc_list_item]2009 Research Fellow am Mount Sinai Hospital, New York City, USA[\/vc_list_item][vc_list_item]2003 \u2013 2010 Medizinstudium, Universit\u00e4tsmedizin der Johannes-Gutenberg Universit\u00e4t, Mainz, Deutschland[\/vc_list_item][\/vc_accordion_tab][vc_accordion_tab title=&#8220;Mitgliedschaften:&#8220;][vc_list_item]Schweizer Gesellschaft f\u00fcr Dermatologie und Venerologie (SGDV)[\/vc_list_item][vc_list_item]International Fellow, American Association of Dermatologists (AAD, USA)[\/vc_list_item][vc_list_item]European Academy of Dermatology and Venereology (EADV)[\/vc_list_item][vc_list_item]Deutsche Dermatologische Gesellschaft (DDG)[\/vc_list_item][vc_list_item]Schweizer Gesellschaft f\u00fcr Allergologie und Immunologie (SGAI)[\/vc_list_item][vc_list_item]Fellow of the American Association of Immunologists (AAI, USA)[\/vc_list_item][vc_list_item]European Academy of Allergy and Clinical Immunology (EAACI)[\/vc_list_item][vc_list_item]Working Group Biologicals mit Task Force Leitung[\/vc_list_item][vc_list_item]European Society for Dermatological Research (ESDR)[\/vc_list_item][vc_list_item]Arbeitsgemeinschaft Dermatologische Forschung (ADF)[\/vc_list_item][vc_list_item]SDNTT (Swiss Dermatology Network of Targeted Therapies)[\/vc_list_item][vc_list_item]National Psoriasis Foundation (NPF, USA)[\/vc_list_item][vc_list_item]World Association of Sarcoidosis and other Granulomatous Disorders (WASOG)[\/vc_list_item][vc_list_item]Reviewer vieler wissenschaftlicher Zeitschriften u.a. Journal of Allergology and Clinical Immunology (JACI), Allergy, Journal of Investigative Dermatology (JID), British Journal of Dermatology, Frontiers Immunology, British Medical Journal (BMJ), Journal of Experimental Dermatology, PLOSone, etc.[\/vc_list_item][\/vc_accordion_tab][\/vc_accordion][vc_spacer size=&#8220;15px&#8220;][vc_icon name=&#8220;fa-envelope-o&#8220; icon_color=&#8220;#c9c9c9&#8243; hover_effect=&#8220;bounce&#8220; link=&#8220;url:mailto%3Ainfo%40allskin.ch||&#8220;][\/vc_column][vc_column width=&#8220;1\/3&#8243;][vc_single_image image=&#8220;8288&#8243; img_size=&#8220;full&#8220; css_animation=&#8220;left-to-right&#8220;][\/vc_column][\/vc_row][vc_row textalign=&#8220;right&#8220; top=&#8220;50px&#8220; row_mobile_style=&#8220;ipad_full_width&#8220;][vc_column width=&#8220;1\/3&#8243;][vc_single_image img_size=&#8220;full&#8220; css_animation=&#8220;right-to-left&#8220;][\/vc_column][vc_column width=&#8220;2\/3&#8243;][vc_heading title=&#8220;MEDIZINISCHE PRAXISASSISTENTIN&#8220; subtitle=&#8220;Sejla Kiss&#8220; position=&#8220;right&#8220;][vc_spacer size=&#8220;10px&#8220;][vc_icon name=&#8220;fa-envelope-o&#8220; icon_color=&#8220;#c9c9c9&#8243; padding_right=&#8220;10px&#8220; hover_effect=&#8220;bounce&#8220; target=&#8220;_self&#8220; link=&#8220;url:mailto%3Ainfo%40allskin.ch||&#8220;][\/vc_column][\/vc_row][vc_row textalign=&#8220;left&#8220; top=&#8220;50px&#8220; row_mobile_style=&#8220;ipad_full_width&#8220;][vc_column width=&#8220;2\/3&#8243;][vc_heading title=&#8220;MEDIZINISCHE PRAXISASSISTENTIN, Leitung&#8220; subtitle=&#8220;Vanessa Soares&#8220; position=&#8220;left&#8220;][vc_spacer size=&#8220;10px&#8220;][vc_icon name=&#8220;fa-envelope-o&#8220; icon_color=&#8220;#c9c9c9&#8243; padding_right=&#8220;10px&#8220; hover_effect=&#8220;bounce&#8220; target=&#8220;_self&#8220; link=&#8220;url:mailto%3Ainfo%40allskin.ch||&#8220;][\/vc_column][vc_column width=&#8220;1\/3&#8243;][vc_single_image image=&#8220;8260&#8243; img_size=&#8220;full&#8220;][\/vc_column][vc_column][\/vc_column][\/vc_row][vc_row textalign=&#8220;left&#8220; top=&#8220;50px&#8220; row_mobile_style=&#8220;ipad_full_width&#8220;][vc_column width=&#8220;1\/3&#8243;][vc_single_image image=&#8220;8254&#8243; img_size=&#8220;full&#8220; alignment=&#8220;right&#8220; css_animation=&#8220;right-to-left&#8220;][\/vc_column][vc_column width=&#8220;2\/3&#8243;][vc_heading title=&#8220;Praxisangestellte&#8220; subtitle=&#8220;Tonia Duarte&#8220; position=&#8220;left&#8220;][vc_spacer size=&#8220;10px&#8220;][vc_icon name=&#8220;fa-envelope-o&#8220; icon_color=&#8220;#c9c9c9&#8243; padding_left=&#8220;1px&#8220; padding_right=&#8220;&#8220; hover_effect=&#8220;bounce&#8220; target=&#8220;_self&#8220; link=&#8220;url:mailto%3Ainfo%40allskin.ch||&#8220;][\/vc_column][\/vc_row][vc_row textalign=&#8220;left&#8220; top=&#8220;50px&#8220; row_mobile_style=&#8220;ipad_full_width&#8220;][vc_column width=&#8220;2\/3&#8243;][vc_heading title=&#8220;MEDIZINISCHE PRAXISASSISTENTIN&#8220; subtitle=&#8220;Celina Herr&#8220; position=&#8220;left&#8220;][vc_spacer size=&#8220;10px&#8220;][vc_icon name=&#8220;fa-envelope-o&#8220; icon_color=&#8220;#c9c9c9&#8243; padding_right=&#8220;10px&#8220; hover_effect=&#8220;bounce&#8220; target=&#8220;_self&#8220; link=&#8220;url:mailto%3Ainfo%40allskin.ch||&#8220;][\/vc_column][vc_column width=&#8220;1\/3&#8243;][vc_single_image img_size=&#8220;full&#8220;][\/vc_column][\/vc_row][vc_row][vc_column][vc_heading title=&#8220;MEDIZINISCHE PRAXISASSISTENTIN&#8220; subtitle=&#8220;Celina Herr&#8220; position=&#8220;left&#8220;][vc_spacer][vc_single_image][vc_team name=&#8220;Christina Zent&#8220; position=&#8220;PRAXISANGESTELLTE&#8220;][\/vc_team][\/vc_column][\/vc_row]<\/p>\n","protected":false},"excerpt":{"rendered":"<p>[vc_row bg_cover=&#8220;cover&#8220; bg_repeat=&#8220;no-repeat&#8220; bg_attachment=&#8220;fixed&#8220; textalign=&#8220;center&#8220; top=&#8220;80px&#8220; bottom=&#8220;80px&#8220; row_show_on=&#8220;hide_mobile_landscape,hide_mobile_portrait&#8220; font_color=&#8220;#ffffff&#8220; bg_image=&#8220;7749&#8243;][vc_column][vc_column_text] Team [\/vc_column_text][\/vc_column][\/vc_row][vc_row bg_cover=&#8220;cover&#8220; bg_repeat=&#8220;no-repeat&#8220; bg_attachment=&#8220;fixed&#8220; textalign=&#8220;center&#8220; top=&#8220;80px&#8220; bottom=&#8220;60px&#8220; row_show_on=&#8220;hide_on_normal_screen,hide_tablet_landscape,hide_tablet_portrait,hide_mobile_landscape,hide_mobile_portrait&#8220; font_color=&#8220;#ffffff&#8220; bg_image=&#8220;7749&#8243;][vc_column][vc_column_text] Team [\/vc_column_text][\/vc_column][\/vc_row][vc_row row_mobile_style=&#8220;ipad_full_width&#8220;][vc_column width=&#8220;1\/3&#8243;][vc_single_image image=&#8220;8244&#8243; img_size=&#8220;full&#8220; css_animation=&#8220;left-to-right&#8220;][\/vc_column][vc_column width=&#8220;2\/3&#8243;][vc_column_text]Facharzt Dermatologie und Venerologie Lasermedizin FMCH\/SGML F\u00e4higkeitsausweis f\u00fcr Lasertherapie alle Typen (gesamte Haut und Schleimhaut)[\/vc_column_text][vc_heading title=&#8220;&#8220; subtitle=&#8220;Dr. med. Martin Keller&#8220; position=&#8220;left&#8220;][vc_spacer size=&#8220;15px&#8220;][vc_column_text]Auf meinen Studiumabschluss an der Universit\u00e4t [&hellip;]<\/p>\n","protected":false},"author":1,"featured_media":0,"parent":0,"menu_order":0,"comment_status":"open","ping_status":"open","template":"page-full-width.php","meta":{"footnotes":""},"class_list":["post-5989","page","type-page","status-publish","hentry"],"_links":{"self":[{"href":"https:\/\/allskin.ch\/index.php?rest_route=\/wp\/v2\/pages\/5989","targetHints":{"allow":["GET"]}}],"collection":[{"href":"https:\/\/allskin.ch\/index.php?rest_route=\/wp\/v2\/pages"}],"about":[{"href":"https:\/\/allskin.ch\/index.php?rest_route=\/wp\/v2\/types\/page"}],"author":[{"embeddable":true,"href":"https:\/\/allskin.ch\/index.php?rest_route=\/wp\/v2\/users\/1"}],"replies":[{"embeddable":true,"href":"https:\/\/allskin.ch\/index.php?rest_route=%2Fwp%2Fv2%2Fcomments&post=5989"}],"version-history":[{"count":58,"href":"https:\/\/allskin.ch\/index.php?rest_route=\/wp\/v2\/pages\/5989\/revisions"}],"predecessor-version":[{"id":8294,"href":"https:\/\/allskin.ch\/index.php?rest_route=\/wp\/v2\/pages\/5989\/revisions\/8294"}],"wp:attachment":[{"href":"https:\/\/allskin.ch\/index.php?rest_route=%2Fwp%2Fv2%2Fmedia&parent=5989"}],"curies":[{"name":"wp","href":"https:\/\/api.w.org\/{rel}","templated":true}]}}